{"id":37,"date":"2025-06-20T15:10:54","date_gmt":"2025-06-20T13:10:54","guid":{"rendered":"https:\/\/industrialvision.pro\/?page_id=37"},"modified":"2025-06-20T15:24:37","modified_gmt":"2025-06-20T13:24:37","slug":"dlaczego-warto","status":"publish","type":"page","link":"https:\/\/industrialvision.pro\/index.php\/dlaczego-warto\/","title":{"rendered":"Dlaczego warto?"},"content":{"rendered":"<p>[et_pb_section fb_built=&#8221;1&#8243; admin_label=&#8221;Header&#8221; _builder_version=&#8221;4.27.4&#8243; _module_preset=&#8221;default&#8221; use_background_color_gradient=&#8221;on&#8221; background_color_gradient_stops=&#8221;rgba(34,34,34,0) 0%|gcid-1f9b0bb3-481a-49f1-9fe6-999fc3c3182b 100%&#8221; background_color_gradient_overlays_image=&#8221;on&#8221; background_image=&#8221;https:\/\/industrialvision.pro\/wp-content\/uploads\/2025\/06\/as_f5.jpg&#8221; parallax=&#8221;on&#8221; custom_padding=&#8221;90px||90px||true|false&#8221; locked=&#8221;off&#8221; collapsed=&#8221;on&#8221; global_colors_info=&#8221;{%22gcid-1f9b0bb3-481a-49f1-9fe6-999fc3c3182b%22:%91%22background_color_gradient_stops%22%93}&#8221;][et_pb_row _builder_version=&#8221;4.20.0&#8243; _module_preset=&#8221;default&#8221; global_colors_info=&#8221;{}&#8221;][et_pb_column type=&#8221;4_4&#8243; _builder_version=&#8221;4.20.0&#8243; _module_preset=&#8221;default&#8221; global_colors_info=&#8221;{}&#8221;][et_pb_text _builder_version=&#8221;4.20.0&#8243; _module_preset=&#8221;ee8f9dfd-8c4b-4cf2-ad83-874a19365c4a&#8221; header_text_color=&#8221;#FFFFFF&#8221; text_orientation=&#8221;center&#8221; custom_margin=&#8221;||10px||false|false&#8221; global_colors_info=&#8221;{}&#8221;]<\/p>\n<h1>Wysoka jako\u015b\u0107 zdj\u0119\u0107<br \/>Profesjonalny wizErunek<\/h1>\n<p>[\/et_pb_text][\/et_pb_column][\/et_pb_row][\/et_pb_section][et_pb_section fb_built=&#8221;1&#8243; admin_label=&#8221;Services&#8221; _builder_version=&#8221;4.20.0&#8243; _module_preset=&#8221;default&#8221; background_color=&#8221;RGBA(255,255,255,0)&#8221; custom_padding=&#8221;0px||||false|false&#8221; collapsed=&#8221;on&#8221; global_colors_info=&#8221;{}&#8221;][et_pb_row custom_padding_last_edited=&#8221;on|phone&#8221; _builder_version=&#8221;4.20.0&#8243; _module_preset=&#8221;default&#8221; background_color=&#8221;gcid-86da69f8-ce43-4c42-8395-4abd58818e72&#8243; custom_margin=&#8221;-60px||||false|false&#8221; custom_padding=&#8221;60px|60px|60px|60px|true|true&#8221; custom_padding_tablet=&#8221;30px|30px|30px|30px|true|true&#8221; custom_padding_phone=&#8221;20px|20px|20px|20px|true|true&#8221; global_colors_info=&#8221;{%22gcid-86da69f8-ce43-4c42-8395-4abd58818e72%22:%91%22background_color%22%93}&#8221;][et_pb_column type=&#8221;4_4&#8243; _builder_version=&#8221;4.20.0&#8243; _module_preset=&#8221;default&#8221; global_colors_info=&#8221;{}&#8221;][et_pb_text _builder_version=&#8221;4.27.4&#8243; _module_preset=&#8221;cf31bb70-95f8-4a13-b10c-1f35e39f28c7&#8243; global_colors_info=&#8221;{}&#8221;]<\/p>\n<h4>Profesjonalna fotografia przemys\u0142owa realizowana wysokiej klasy sprz\u0119tem zapewnia ostro\u015b\u0107, g\u0142\u0119bi\u0119 i szczeg\u00f3\u0142owo\u015b\u0107, kt\u00f3rych nie mo\u017cna osi\u0105gn\u0105\u0107 sprz\u0119tem amatorskim czy telefonem kom\u00f3rkowym.<\/h4>\n<p>[\/et_pb_text][et_pb_text _builder_version=&#8221;4.27.4&#8243; _module_preset=&#8221;ce9c420a-c6a6-46ac-949e-337d321a492b&#8221; global_colors_info=&#8221;{}&#8221;]<\/p>\n<p>Zdj\u0119cia wykonane aparatami o wysokiej rozdzielczo\u015bci:<br \/>&#8211; Oddaj\u0105 detale maszyn, produkt\u00f3w i proces\u00f3w, kt\u00f3re buduj\u0105 wizerunek jako\u015bci i precyzji.<br \/>&#8211; Gwarantuj\u0105 doskona\u0142e o\u015bwietlenie, w\u0142a\u015bciw\u0105 perspektyw\u0119 i kompozycj\u0119, kt\u00f3re wp\u0142ywaj\u0105 na odbi\u00f3r marki.<br \/>&#8211; Mog\u0105 by\u0107 wykorzystywane w du\u017cych formatach (banery, targi, reklamy outdoorowe) bez utraty jako\u015bci.<br \/>&#8211; Pokazuj\u0105 firm\u0119 w profesjonalny, autentyczny spos\u00f3b, co przek\u0142ada si\u0119 na wi\u0119ksze zaufanie klient\u00f3w i partner\u00f3w.<br \/>&#8211; Zdj\u0119cia z telefonu cz\u0119sto wygl\u0105daj\u0105 amatorsko, trac\u0105 jako\u015b\u0107 przy powi\u0119kszeniu i nie oddaj\u0105 w pe\u0142ni potencja\u0142u firmy.<\/p>\n<p>Profesjonalna sesja to inwestycja w wizerunek, kt\u00f3ry wyr\u00f3\u017cni Twoj\u0105 firm\u0119 na rynku.<\/p>\n<p>[\/et_pb_text][et_pb_image src=&#8221;https:\/\/industrialvision.pro\/wp-content\/uploads\/2025\/06\/se_9.jpg&#8221; title_text=&#8221;se_9&#8243; _builder_version=&#8221;4.27.4&#8243; _module_preset=&#8221;default&#8221; global_colors_info=&#8221;{}&#8221;][\/et_pb_image][et_pb_text _builder_version=&#8221;4.27.4&#8243; _module_preset=&#8221;cf31bb70-95f8-4a13-b10c-1f35e39f28c7&#8243; custom_margin=&#8221;||0px||false|false&#8221; global_colors_info=&#8221;{}&#8221;]<\/p>\n<h4><span>Marketing i wizerunek firmy<\/span><\/h4>\n<p>[\/et_pb_text][et_pb_text _builder_version=&#8221;4.27.4&#8243; _module_preset=&#8221;ce9c420a-c6a6-46ac-949e-337d321a492b&#8221; global_colors_info=&#8221;{}&#8221;]Strony internetowe \u2013 budowanie profesjonalnego wizerunku, prezentowanie zak\u0142adu, proces\u00f3w, zespo\u0142u.<br \/>\nMateria\u0142y reklamowe \u2013 katalogi, broszury, ulotki.<br \/>\nMedia spo\u0142eczno\u015bciowe \u2013 LinkedIn, Facebook, Instagram \u2013 do prezentowania codziennej dzia\u0142alno\u015bci i inwestycji.<br \/>\nKampanie employer brandingowe \u2013 pozyskiwanie nowych pracownik\u00f3w przez pokazanie realnych warunk\u00f3w pracy.<br \/>\nReklama outdoor i prasa bran\u017cowa \u2013 billboardy, banery, og\u0142oszenia w gazetach.[\/et_pb_text][et_pb_text _builder_version=&#8221;4.27.4&#8243; _module_preset=&#8221;cf31bb70-95f8-4a13-b10c-1f35e39f28c7&#8243; custom_margin=&#8221;||0px||false|false&#8221; global_colors_info=&#8221;{}&#8221;]<\/p>\n<h4>Sprzeda\u017c i pozyskiwanie klient\u00f3w B2B<\/h4>\n<p>[\/et_pb_text][et_pb_text _builder_version=&#8221;4.27.4&#8243; _module_preset=&#8221;ce9c420a-c6a6-46ac-949e-337d321a492b&#8221; global_colors_info=&#8221;{}&#8221;]Oferty handlowe \u2013 wzbogacone o zdj\u0119cia produkcji i realizacji.<br \/>\nPrezentacje sprzeda\u017cowe \u2013 np. w formie katalog\u00f3w lub prezentacji PowerPoint.<br \/>\nPrzetargi i dokumentacja ofertowa \u2013 zdj\u0119cia jako dow\u00f3d skali i jako\u015bci firmy.[\/et_pb_text][et_pb_text _builder_version=&#8221;4.27.4&#8243; _module_preset=&#8221;cf31bb70-95f8-4a13-b10c-1f35e39f28c7&#8243; custom_margin=&#8221;||0px||false|false&#8221; global_colors_info=&#8221;{}&#8221;]<\/p>\n<h4>Relacje inwestorskie i PR<\/h4>\n<p>[\/et_pb_text][et_pb_text _builder_version=&#8221;4.27.4&#8243; _module_preset=&#8221;ce9c420a-c6a6-46ac-949e-337d321a492b&#8221; global_colors_info=&#8221;{}&#8221;]Raporty roczne i sprawozdania finansowe \u2013 cz\u0119sto zawieraj\u0105 zdj\u0119cia zak\u0142ad\u00f3w, inwestycji, proces\u00f3w.<br \/>\nKomunikaty prasowe \u2013 o nowych inwestycjach, projektach, sukcesach firmy.<br \/>\nMateria\u0142y dla partner\u00f3w i inwestor\u00f3w \u2013 profesjonalne zdj\u0119cia podnosz\u0105 wiarygodno\u015b\u0107.[\/et_pb_text][et_pb_text _builder_version=&#8221;4.27.4&#8243; _module_preset=&#8221;cf31bb70-95f8-4a13-b10c-1f35e39f28c7&#8243; custom_margin=&#8221;||0px||false|false&#8221; global_colors_info=&#8221;{}&#8221;]<\/p>\n<h4>Rekrutacja i employer branding<\/h4>\n<p>[\/et_pb_text][et_pb_text _builder_version=&#8221;4.27.4&#8243; _module_preset=&#8221;ce9c420a-c6a6-46ac-949e-337d321a492b&#8221; global_colors_info=&#8221;{}&#8221;]Og\u0142oszenia o prac\u0119 \u2013 atrakcyjne zdj\u0119cia miejsca pracy przyci\u0105gaj\u0105 lepszych kandydat\u00f3w.<br \/>\nKampanie rekrutacyjne \u2013 na stronach typu Pracuj.pl, w social media.<br \/>\nPrezentacje kultury organizacyjnej \u2013 pokazanie, jak wygl\u0105da praca \u201eod kuchni\u201d.[\/et_pb_text][et_pb_text _builder_version=&#8221;4.27.4&#8243; _module_preset=&#8221;cf31bb70-95f8-4a13-b10c-1f35e39f28c7&#8243; custom_margin=&#8221;||0px||false|false&#8221; global_colors_info=&#8221;{}&#8221;]<\/p>\n<h4>Dokumentacja techniczna i projektowa<\/h4>\n<p>[\/et_pb_text][et_pb_text _builder_version=&#8221;4.27.4&#8243; _module_preset=&#8221;ce9c420a-c6a6-46ac-949e-337d321a492b&#8221; global_colors_info=&#8221;{}&#8221;]Dokumentowanie post\u0119pu bud\u00f3w, inwestycji, projekt\u00f3w technologicznych.<br \/>\nMateria\u0142y dla inspektor\u00f3w, klient\u00f3w, zarz\u0105du.[\/et_pb_text][et_pb_text _builder_version=&#8221;4.27.4&#8243; _module_preset=&#8221;cf31bb70-95f8-4a13-b10c-1f35e39f28c7&#8243; custom_margin=&#8221;||0px||false|false&#8221; global_colors_info=&#8221;{}&#8221;]<\/p>\n<h4>Bezpiecze\u0144stwo i szkolenia<\/h4>\n<p>[\/et_pb_text][et_pb_text _builder_version=&#8221;4.27.4&#8243; _module_preset=&#8221;ce9c420a-c6a6-46ac-949e-337d321a492b&#8221; global_colors_info=&#8221;{}&#8221;]Materia\u0142y szkoleniowe BHP \u2013 zdj\u0119cia realnych stanowisk pracy.<br \/>\nInstrukcje obs\u0142ugi maszyn i proces\u00f3w.[\/et_pb_text][et_pb_text _builder_version=&#8221;4.27.4&#8243; _module_preset=&#8221;cf31bb70-95f8-4a13-b10c-1f35e39f28c7&#8243; custom_margin=&#8221;||0px||false|false&#8221; global_colors_info=&#8221;{}&#8221;]<\/p>\n<h4>Komunikacja wewn\u0119trzna<\/h4>\n<p>[\/et_pb_text][et_pb_text _builder_version=&#8221;4.27.4&#8243; _module_preset=&#8221;ce9c420a-c6a6-46ac-949e-337d321a492b&#8221; global_colors_info=&#8221;{}&#8221;]Gazetki firmowe, tablice informacyjne, intranet \u2013 zdj\u0119cia z \u017cycia zak\u0142adu.<br \/>\nMateria\u0142y na eventy, konferencje i prezentacje wewn\u0119trzne.[\/et_pb_text][et_pb_text _builder_version=&#8221;4.27.4&#8243; _module_preset=&#8221;cf31bb70-95f8-4a13-b10c-1f35e39f28c7&#8243; custom_margin=&#8221;||0px||false|false&#8221; global_colors_info=&#8221;{}&#8221;]<\/p>\n<h4>Targi i wystawy bran\u017cowe<\/h4>\n<p>[\/et_pb_text][et_pb_text _builder_version=&#8221;4.27.4&#8243; _module_preset=&#8221;ce9c420a-c6a6-46ac-949e-337d321a492b&#8221; global_colors_info=&#8221;{}&#8221;]Stoiska targowe \u2013 du\u017ce zdj\u0119cia zak\u0142ad\u00f3w, produkt\u00f3w, maszyn.<br \/>\nPrezentacje multimedialne na ekranach.[\/et_pb_text][\/et_pb_column][\/et_pb_row][\/et_pb_section][et_pb_section fb_built=&#8221;1&#8243; admin_label=&#8221;Footer&#8221; _builder_version=&#8221;4.20.0&#8243; _module_preset=&#8221;default&#8221; background_color=&#8221;gcid-922f8e05-0af6-48a7-8ba4-9a77f0c7dbee&#8221; saved_tabs=&#8221;all&#8221; collapsed=&#8221;on&#8221; global_colors_info=&#8221;{%22gcid-922f8e05-0af6-48a7-8ba4-9a77f0c7dbee%22:%91%22background_color%22%93}&#8221; global_module=&#8221;122&#8243; theme_builder_area=&#8221;post_content&#8221;][et_pb_row column_structure=&#8221;1_3,1_3,1_3&#8243; _builder_version=&#8221;4.20.0&#8243; _module_preset=&#8221;default&#8221; global_colors_info=&#8221;{}&#8221; theme_builder_area=&#8221;post_content&#8221;][et_pb_column type=&#8221;1_3&#8243; _builder_version=&#8221;4.20.0&#8243; _module_preset=&#8221;default&#8221; global_colors_info=&#8221;{}&#8221; theme_builder_area=&#8221;post_content&#8221;][et_pb_image src=&#8221;https:\/\/industrialvision.pro\/wp-content\/uploads\/2025\/06\/logo_biale-1024&#215;284.png&#8221; title_text=&#8221;logo_biale&#8221; _builder_version=&#8221;4.27.4&#8243; _module_preset=&#8221;default&#8221; global_colors_info=&#8221;{}&#8221; theme_builder_area=&#8221;post_content&#8221;][\/et_pb_image][\/et_pb_column][et_pb_column type=&#8221;1_3&#8243; _builder_version=&#8221;4.20.0&#8243; _module_preset=&#8221;default&#8221; global_colors_info=&#8221;{}&#8221; theme_builder_area=&#8221;post_content&#8221;][et_pb_text _builder_version=&#8221;4.27.4&#8243; _module_preset=&#8221;f521c737-96bf-404e-abc8-04aa2f2b10d0&#8243; text_text_color=&#8221;#FFFFFF&#8221; custom_margin=&#8221;10px||10px||false|false&#8221; hover_enabled=&#8221;0&#8243; global_colors_info=&#8221;{}&#8221; theme_builder_area=&#8221;post_content&#8221; sticky_enabled=&#8221;0&#8243;]<\/p>\n<p style=\"text-align: center;\">KONTAKT<br \/>biuro@industrialvision.pro<\/p>\n<p>[\/et_pb_text][\/et_pb_column][et_pb_column type=&#8221;1_3&#8243; _builder_version=&#8221;4.20.0&#8243; _module_preset=&#8221;default&#8221; global_colors_info=&#8221;{}&#8221; theme_builder_area=&#8221;post_content&#8221;][et_pb_social_media_follow _builder_version=&#8221;4.20.0&#8243; _module_preset=&#8221;default&#8221; custom_margin=&#8221;30px||||false|false&#8221; global_colors_info=&#8221;{}&#8221; theme_builder_area=&#8221;post_content&#8221;][et_pb_social_media_follow_network social_network=&#8221;facebook&#8221; _builder_version=&#8221;4.20.0&#8243; _module_preset=&#8221;default&#8221; global_colors_info=&#8221;{}&#8221; theme_builder_area=&#8221;post_content&#8221; follow_button=&#8221;off&#8221; url_new_window=&#8221;on&#8221;]facebook[\/et_pb_social_media_follow_network][et_pb_social_media_follow_network social_network=&#8221;twitter&#8221; _builder_version=&#8221;4.20.0&#8243; _module_preset=&#8221;default&#8221; background_color=&#8221;RGBA(255,255,255,0)&#8221; background_enable_color=&#8221;on&#8221; global_colors_info=&#8221;{}&#8221; theme_builder_area=&#8221;post_content&#8221; follow_button=&#8221;off&#8221; url_new_window=&#8221;on&#8221;]twitter[\/et_pb_social_media_follow_network][et_pb_social_media_follow_network social_network=&#8221;instagram&#8221; _builder_version=&#8221;4.20.0&#8243; _module_preset=&#8221;default&#8221; background_color=&#8221;RGBA(255,255,255,0)&#8221; background_enable_color=&#8221;on&#8221; global_colors_info=&#8221;{}&#8221; theme_builder_area=&#8221;post_content&#8221; follow_button=&#8221;off&#8221; url_new_window=&#8221;on&#8221;]instagram[\/et_pb_social_media_follow_network][et_pb_social_media_follow_network social_network=&#8221;linkedin&#8221; _builder_version=&#8221;4.20.0&#8243; _module_preset=&#8221;default&#8221; global_colors_info=&#8221;{}&#8221; theme_builder_area=&#8221;post_content&#8221; follow_button=&#8221;off&#8221; url_new_window=&#8221;on&#8221;]linkedin[\/et_pb_social_media_follow_network][\/et_pb_social_media_follow][\/et_pb_column][\/et_pb_row][\/et_pb_section]<\/p>\n","protected":false},"excerpt":{"rendered":"<p>Wysoka jako\u015b\u0107 zdj\u0119\u0107Profesjonalny wizErunekProfesjonalna fotografia przemys\u0142owa realizowana wysokiej klasy sprz\u0119tem zapewnia ostro\u015b\u0107, g\u0142\u0119bi\u0119 i szczeg\u00f3\u0142owo\u015b\u0107, kt\u00f3rych nie mo\u017cna osi\u0105gn\u0105\u0107 sprz\u0119tem amatorskim czy telefonem kom\u00f3rkowym.Zdj\u0119cia wykonane aparatami o wysokiej rozdzielczo\u015bci:- Oddaj\u0105 detale maszyn, produkt\u00f3w i proces\u00f3w, kt\u00f3re buduj\u0105 wizerunek jako\u015bci i precyzji.- Gwarantuj\u0105 doskona\u0142e o\u015bwietlenie, w\u0142a\u015bciw\u0105 perspektyw\u0119 i kompozycj\u0119, kt\u00f3re wp\u0142ywaj\u0105 na odbi\u00f3r marki.- Mog\u0105 by\u0107 [&hellip;]<\/p>\n","protected":false},"author":1,"featured_media":0,"parent":0,"menu_order":0,"comment_status":"closed","ping_status":"closed","template":"","meta":{"_et_pb_use_builder":"on","_et_pb_old_content":"","_et_gb_content_width":"","footnotes":""},"class_list":["post-37","page","type-page","status-publish","hentry"],"_links":{"self":[{"href":"https:\/\/industrialvision.pro\/index.php\/wp-json\/wp\/v2\/pages\/37","targetHints":{"allow":["GET"]}}],"collection":[{"href":"https:\/\/industrialvision.pro\/index.php\/wp-json\/wp\/v2\/pages"}],"about":[{"href":"https:\/\/industrialvision.pro\/index.php\/wp-json\/wp\/v2\/types\/page"}],"author":[{"embeddable":true,"href":"https:\/\/industrialvision.pro\/index.php\/wp-json\/wp\/v2\/users\/1"}],"replies":[{"embeddable":true,"href":"https:\/\/industrialvision.pro\/index.php\/wp-json\/wp\/v2\/comments?post=37"}],"version-history":[{"count":11,"href":"https:\/\/industrialvision.pro\/index.php\/wp-json\/wp\/v2\/pages\/37\/revisions"}],"predecessor-version":[{"id":141,"href":"https:\/\/industrialvision.pro\/index.php\/wp-json\/wp\/v2\/pages\/37\/revisions\/141"}],"wp:attachment":[{"href":"https:\/\/industrialvision.pro\/index.php\/wp-json\/wp\/v2\/media?parent=37"}],"curies":[{"name":"wp","href":"https:\/\/api.w.org\/{rel}","templated":true}]}}